{"id":457,"date":"2025-06-17T16:32:30","date_gmt":"2025-06-17T15:32:30","guid":{"rendered":"https:\/\/bkworks.hu\/?page_id=457"},"modified":"2025-08-16T06:25:19","modified_gmt":"2025-08-16T05:25:19","slug":"impresszum","status":"publish","type":"page","link":"https:\/\/bkworks.hu\/de\/impresszum\/","title":{"rendered":"Impressum"},"content":{"rendered":"<div data-elementor-type=\"wp-page\" data-elementor-id=\"457\" class=\"elementor elementor-457\" data-elementor-settings=\"{&quot;ha_cmc_init_switcher&quot;:&quot;no&quot;}\" data-elementor-post-type=\"page\">\n\t\t\t\t<div class=\"elementor-element elementor-element-0af8e2b e-flex e-con-boxed e-con e-parent\" data-id=\"0af8e2b\" data-element_type=\"container\" data-e-type=\"container\" data-settings=\"{&quot;background_background&quot;:&quot;classic&quot;,&quot;_ha_eqh_enable&quot;:false}\">\n\t\t\t\t\t<div class=\"e-con-inner\">\n\t\t<div class=\"elementor-element elementor-element-01801ee e-con-full e-flex e-con e-child\" data-id=\"01801ee\" data-element_type=\"container\" data-e-type=\"container\" data-settings=\"{&quot;_ha_eqh_enable&quot;:false}\">\n\t\t\t\t<div class=\"elementor-element elementor-element-39f8966 elementor-widget elementor-widget-heading\" data-id=\"39f8966\" data-element_type=\"widget\" data-e-type=\"widget\" data-widget_type=\"heading.default\">\n\t\t\t\t<div class=\"elementor-widget-container\">\n\t\t\t\t\t<h2 class=\"elementor-heading-title elementor-size-default\">Impressum<\/h2>\t\t\t\t<\/div>\n\t\t\t\t<\/div>\n\t\t\t\t<\/div>\n\t\t\t\t\t<\/div>\n\t\t\t\t<\/div>\n\t\t<div class=\"elementor-element elementor-element-bdb1906 e-flex e-con-boxed e-con e-parent\" data-id=\"bdb1906\" data-element_type=\"container\" data-e-type=\"container\" data-settings=\"{&quot;_ha_eqh_enable&quot;:false}\">\n\t\t\t\t\t<div class=\"e-con-inner\">\n\t\t\t\t<div class=\"elementor-element elementor-element-2bbfe1b elementor-widget elementor-widget-text-editor\" data-id=\"2bbfe1b\" data-element_type=\"widget\" data-e-type=\"widget\" data-widget_type=\"text-editor.default\">\n\t\t\t\t<div class=\"elementor-widget-container\">\n\t\t\t\t\t\t\t\t\t<div class=\"elementor-element elementor-element-ce9a079 elementor-widget elementor-widget-text-editor\" data-id=\"ce9a079\" data-element_type=\"widget\" data-widget_type=\"text-editor.default\"><div class=\"elementor-widget-container\"><p>A <strong>www.bkworks.hu<\/strong> dem Betreiber der Website unter der Adresse:<\/p><p><strong>\u00a0<\/strong><\/p><p><strong>BK WORKS KFT.<\/strong><\/p><p>Eingetragener Sitz: 7695 \u00d3falu, Kossuth utca 36.<\/p><p>Steuernummer: 27753543-2-02<\/p><p>Unternehmensregistrierungsnummer: 02-09-086511<\/p><div class=\"elementor-element elementor-element-deeb00c elementor-widget elementor-widget-text-editor\" data-id=\"deeb00c\" data-element_type=\"widget\" data-widget_type=\"text-editor.default\"><div class=\"elementor-widget-container\"><p>E-Mail-Adresse: info@bkworks.hu<\/p><div class=\"elementor-element elementor-element-4e253d8 elementor-widget elementor-widget-shortcode\" data-id=\"4e253d8\" data-element_type=\"widget\" data-widget_type=\"shortcode.default\"><div class=\"elementor-widget-container\"><div class=\"elementor-shortcode\"><div class=\"fluentform ff-default fluentform_wrapper_1 ffs_default_wrap\">Website: https:\/\/www.bkworks.hu\u00a0<\/div><\/div><\/div><\/div><\/div><\/div><\/div><\/div><div class=\"elementor-element elementor-element-541e06c elementor-widget elementor-widget-text-editor\" data-id=\"541e06c\" data-element_type=\"widget\" data-widget_type=\"text-editor.default\"><div class=\"elementor-widget-container\"><p>\u00a0<\/p><p>Anbieter von gemeinsam genutztem Raum:<\/p><p><strong>\u00a0<\/strong><\/p><p><strong>SYBELL INFORMATIKA KFT.<\/strong><\/p><p>Hauptsitz: 1158 Budapest, K\u00e9sm\u00e1rk utca 7\/B 2. Stock. T\u00fcr 206.<br \/>Steuernummer: 25859502-2-42<br \/>Unternehmensregistrierungsnummer: 01-09-293034<br \/>Telefon: +36 1 707-6726<br \/>E-Mail: hello@sybell.hu<br \/>Website: https:\/\/sybell.hu<\/p><\/div><\/div>\t\t\t\t\t\t\t\t<\/div>\n\t\t\t\t<\/div>\n\t\t\t\t\t<\/div>\n\t\t\t\t<\/div>\n\t\t\t\t<\/div>","protected":false},"excerpt":{"rendered":"<p>Impresszum A www.bkworks.hu internetc\u00edmen el\u00e9rhet\u0151 webhely \u00fczemeltet\u0151je: \u00a0 BK WORKS KFT. Sz\u00e9khely: 7695 \u00d3falu, Kossuth utca 36. Ad\u00f3sz\u00e1m: 27753543-2-02 C\u00e9gjegyz\u00e9ksz\u00e1m: 02-09-086511 E-mail c\u00edm: info@bkworks.hu Webhely: https:\/\/www.bkworks.hu\u00a0 \u00a0 T\u00e1rhelyszolg\u00e1ltat\u00f3: \u00a0 SYBELL INFORMATIKA KFT. Sz\u00e9khely: 1158 Budapest, K\u00e9sm\u00e1rk utca 7\/B 2. em. 206. ajt\u00f3Ad\u00f3sz\u00e1m: 25859502-2-42C\u00e9gjegyz\u00e9ksz\u00e1m: 01-09-293034Telefon: +36 1 707-6726E-mail: hello@sybell.huWebhely: https:\/\/sybell.hu<\/p>","protected":false},"author":2,"featured_media":0,"parent":0,"menu_order":0,"comment_status":"closed","ping_status":"closed","template":"","meta":{"footnotes":""},"class_list":["post-457","page","type-page","status-publish","hentry"],"_links":{"self":[{"href":"https:\/\/bkworks.hu\/de\/wp-json\/wp\/v2\/pages\/457","targetHints":{"allow":["GET"]}}],"collection":[{"href":"https:\/\/bkworks.hu\/de\/wp-json\/wp\/v2\/pages"}],"about":[{"href":"https:\/\/bkworks.hu\/de\/wp-json\/wp\/v2\/types\/page"}],"author":[{"embeddable":true,"href":"https:\/\/bkworks.hu\/de\/wp-json\/wp\/v2\/users\/2"}],"replies":[{"embeddable":true,"href":"https:\/\/bkworks.hu\/de\/wp-json\/wp\/v2\/comments?post=457"}],"version-history":[{"count":70,"href":"https:\/\/bkworks.hu\/de\/wp-json\/wp\/v2\/pages\/457\/revisions"}],"predecessor-version":[{"id":1947,"href":"https:\/\/bkworks.hu\/de\/wp-json\/wp\/v2\/pages\/457\/revisions\/1947"}],"wp:attachment":[{"href":"https:\/\/bkworks.hu\/de\/wp-json\/wp\/v2\/media?parent=457"}],"curies":[{"name":"wp","href":"https:\/\/api.w.org\/{rel}","templated":true}]}}